{"id":399,"date":"2023-05-11T13:12:52","date_gmt":"2023-05-11T11:12:52","guid":{"rendered":"http:\/\/asso-gapenc.fr\/?page_id=399"},"modified":"2023-05-11T13:18:18","modified_gmt":"2023-05-11T11:18:18","slug":"commercants-partenaires","status":"publish","type":"page","link":"https:\/\/asso-gapenc.fr\/index.php\/commercants-partenaires\/","title":{"rendered":"Commer\u00e7ants partenaires"},"content":{"rendered":"\n<p>10 % sur toutes les r\u00e9sidences et clubs de vacances G\u00e9olia avec le code promo ANNIV23<\/p>\n\n\n\n<p><\/p>\n\n\n\n<p>Code promo clubs et h\u00f4tels  Belambra  Login ASSOC10937S MDP : 10937S<\/p>\n\n\n\n<p><\/p>\n\n\n\n<p>Offre f\u00eate des m\u00e8res la Maison de Pandore : 20 % sur savons de Marseille, au lait d&rsquo;\u00e2nesse, cosm\u00e9tiques bio, couteaux de Gap le Gavot, etc&#8230;<\/p>\n\n\n\n<p><\/p>\n\n\n\n<p>Proposition Envie d&rsquo;Ailleurs : frais de dossier offerts , soit 20 \u20ac et 3% de r\u00e9ductions sur les prestations terrestres, valables sur leur brochure et r\u00e9servations individuelles (h\u00f4tels, clubs, croisi\u00e8res)<\/p>\n","protected":false},"excerpt":{"rendered":"<p>10 % sur toutes les r\u00e9sidences et clubs de vacances G\u00e9olia avec le code promo ANNIV23 Code promo clubs et h\u00f4tels Belambra Login ASSOC10937S MDP : 10937S Offre f\u00eate des m\u00e8res la Maison de Pandore : 20 % sur savons de Marseille, au lait d&rsquo;\u00e2nesse, cosm\u00e9tiques bio, couteaux de Gap le Gavot, etc&#8230; Proposition Envie &hellip; <\/p>\n<p class=\"link-more\"><a href=\"https:\/\/asso-gapenc.fr\/index.php\/commercants-partenaires\/\" class=\"more-link\">Continuer la lecture<span class=\"screen-reader-text\"> de &laquo;&nbsp;Commer\u00e7ants partenaires&nbsp;&raquo;<\/span><\/a><\/p>\n","protected":false},"author":3,"featured_media":0,"parent":0,"menu_order":0,"comment_status":"closed","ping_status":"closed","template":"","meta":{"footnotes":""},"class_list":["post-399","page","type-page","status-publish","hentry"],"_links":{"self":[{"href":"https:\/\/asso-gapenc.fr\/index.php\/wp-json\/wp\/v2\/pages\/399","targetHints":{"allow":["GET"]}}],"collection":[{"href":"https:\/\/asso-gapenc.fr\/index.php\/wp-json\/wp\/v2\/pages"}],"about":[{"href":"https:\/\/asso-gapenc.fr\/index.php\/wp-json\/wp\/v2\/types\/page"}],"author":[{"embeddable":true,"href":"https:\/\/asso-gapenc.fr\/index.php\/wp-json\/wp\/v2\/users\/3"}],"replies":[{"embeddable":true,"href":"https:\/\/asso-gapenc.fr\/index.php\/wp-json\/wp\/v2\/comments?post=399"}],"version-history":[{"count":2,"href":"https:\/\/asso-gapenc.fr\/index.php\/wp-json\/wp\/v2\/pages\/399\/revisions"}],"predecessor-version":[{"id":402,"href":"https:\/\/asso-gapenc.fr\/index.php\/wp-json\/wp\/v2\/pages\/399\/revisions\/402"}],"wp:attachment":[{"href":"https:\/\/asso-gapenc.fr\/index.php\/wp-json\/wp\/v2\/media?parent=399"}],"curies":[{"name":"wp","href":"https:\/\/api.w.org\/{rel}","templated":true}]}}